{"id":2754,"date":"2025-08-19T17:01:21","date_gmt":"2025-08-19T15:01:21","guid":{"rendered":"https:\/\/katecheza.diecezja.lublin.pl\/?page_id=2754"},"modified":"2025-10-13T12:16:54","modified_gmt":"2025-10-13T10:16:54","slug":"logowanie","status":"publish","type":"page","link":"https:\/\/katecheza.diecezja.lublin.pl\/index.php\/logowanie\/","title":{"rendered":"Logowanie"},"content":{"rendered":"<div class=\"woocommerce\">\n    \n    <section class=\"u-clearfix u-valign-top-lg u-valign-top-md u-valign-top-sm u-valign-top-xs u-white u-section-2\" id=\"block-3\">\n      <img decoding=\"async\" class=\"custom-expanded u-image u-image-1\" src=\"https:\/\/katecheza.diecezja.lublin.pl\/wp-content\/uploads\/2025\/05\/image_with_white_gradient_border_2.png\" data-image-width=\"2000\" data-image-height=\"672\">\n      <p class=\"u-custom-font u-font-merriweather u-text u-text-custom-color-7 u-text-default u-text-1\">Katecheza Archidiecezji Lubelskiej<\/p>\n    <\/section>\n    <section class=\"u-align-left u-clearfix u-container-align-left u-grey-10 u-section-3\" id=\"block-6\">\n      <div class=\"u-clearfix u-sheet u-valign-middle u-sheet-1\">\n        <div class=\"u-shortcode u-shortcode-1\"><div id=\"logosws-top\"><\/div><div id=\"logosws-login\" class=\"logosws-login-wrap\"><style>\n        .logosws-login-wrap{max-width:520px;margin:24px auto;text-align:center}\n        .logosws-login-wrap form{border:1px solid #ddd;padding:20px;border-radius:12px;display:inline-block;background:#fff}\n        .logosws-login-wrap h3{margin:0 0 12px;font-size:20px;font-weight:700}\n        .logosws-login-wrap p{margin:10px 0}\n        \/* ~2\u00d7 szersze pola ni\u017c domy\u015blne *\/\n        .logosws-login-wrap input[type=\"text\"],\n        .logosws-login-wrap input[type=\"password\"]{\n            width:360px; max-width:100%; padding:10px; font-size:16px;\n        }\n        .logosws-login-wrap button{\n            padding:10px 16px;border:1px solid #645e50;border-radius:8px;background:#a37f4f;cursor:pointer\n        }\n        .logosws-login-wrap button:hover{background:#eef2f7}\n    <\/style><h3>Logowanie<\/h3><form method=\"post\" class=\"logosws-form\" autocomplete=\"off\"><input type=\"hidden\" id=\"_logosws_nonce_login\" name=\"_logosws_nonce_login\" value=\"2c855215ce\" \/><input type=\"hidden\" name=\"_wp_http_referer\" value=\"\/index.php\/wp-json\/wp\/v2\/pages\/2754\" \/><input type=\"hidden\" name=\"logosws_action\" value=\"login\" \/><p><label>Login<br><input type=\"text\" name=\"logosws_login\" required><\/label><\/p><p><label>Has\u0142o<br><input type=\"password\" name=\"logosws_password\" required><\/label><\/p><p><button type=\"submit\">Zaloguj<\/button><\/p><\/form><\/div> <\/div>\n      <\/div>\n    <\/section>\n    \n    \n    \n    \n  \n<\/div>","protected":false},"excerpt":{"rendered":"<p>Katecheza Archidiecezji Lubelskiej LogowanieLoginHas\u0142oZaloguj<\/p>\n","protected":false},"author":1,"featured_media":0,"parent":0,"menu_order":0,"comment_status":"closed","ping_status":"closed","template":"","meta":{"footnotes":""},"class_list":["post-2754","page","type-page","status-publish","hentry"],"_links":{"self":[{"href":"https:\/\/katecheza.diecezja.lublin.pl\/index.php\/wp-json\/wp\/v2\/pages\/2754","targetHints":{"allow":["GET"]}}],"collection":[{"href":"https:\/\/katecheza.diecezja.lublin.pl\/index.php\/wp-json\/wp\/v2\/pages"}],"about":[{"href":"https:\/\/katecheza.diecezja.lublin.pl\/index.php\/wp-json\/wp\/v2\/types\/page"}],"author":[{"embeddable":true,"href":"https:\/\/katecheza.diecezja.lublin.pl\/index.php\/wp-json\/wp\/v2\/users\/1"}],"replies":[{"embeddable":true,"href":"https:\/\/katecheza.diecezja.lublin.pl\/index.php\/wp-json\/wp\/v2\/comments?post=2754"}],"version-history":[{"count":14,"href":"https:\/\/katecheza.diecezja.lublin.pl\/index.php\/wp-json\/wp\/v2\/pages\/2754\/revisions"}],"predecessor-version":[{"id":3764,"href":"https:\/\/katecheza.diecezja.lublin.pl\/index.php\/wp-json\/wp\/v2\/pages\/2754\/revisions\/3764"}],"wp:attachment":[{"href":"https:\/\/katecheza.diecezja.lublin.pl\/index.php\/wp-json\/wp\/v2\/media?parent=2754"}],"curies":[{"name":"wp","href":"https:\/\/api.w.org\/{rel}","templated":true}]}}