{"id":2301,"date":"2025-06-04T13:18:51","date_gmt":"2025-06-04T11:18:51","guid":{"rendered":"https:\/\/katecheza.diecezja.lublin.pl\/?page_id=2301"},"modified":"2026-04-07T11:20:03","modified_gmt":"2026-04-07T09:20:03","slug":"kontakt-dane-wydzialu","status":"publish","type":"page","link":"https:\/\/katecheza.diecezja.lublin.pl\/index.php\/kontakt-dane-wydzialu\/","title":{"rendered":"Kontakt dane wydzia\u0142u"},"content":{"rendered":"<div class=\"woocommerce\">\n    \n    <section class=\"u-clearfix u-valign-top-lg u-valign-top-md u-valign-top-sm u-valign-top-xs u-white u-section-2\" id=\"block-3\">\n      <img decoding=\"async\" class=\"custom-expanded u-image u-image-1\" src=\"https:\/\/katecheza.diecezja.lublin.pl\/wp-content\/uploads\/2025\/05\/image_with_white_gradient_border_2.png\" data-image-width=\"2000\" data-image-height=\"672\">\n      <p class=\"u-custom-font u-font-merriweather u-text u-text-custom-color-7 u-text-default u-text-1\">Katecheza Archidiecezji Lubelskiej<\/p>\n    <\/section>\n    <section class=\"u-align-left u-clearfix u-container-align-left u-grey-10 u-section-3\" id=\"block-6\">\n      <div class=\"u-clearfix u-sheet u-valign-middle-lg u-valign-middle-md u-valign-middle-sm u-valign-middle-xs u-sheet-1\">\n        <div class=\"u-expanded-width u-list u-list-1\">\n          <div class=\"u-repeater u-repeater-1\">\n            <div class=\"u-container-style u-list-item u-repeater-item\">\n              <div class=\"u-container-layout u-similar-container u-valign-bottom-lg u-valign-bottom-md u-valign-bottom-sm u-valign-bottom-xs u-container-layout-1\">\n                <h1 class=\"u-text u-text-1\">Wydzia\u0142 Katechetyczny <\/h1>\n                <p class=\"u-text u-text-2\">tel. 81 532 25 46 w. 309<br>e-mail: nauka@diecezja.lublin.pl<br>www.katecheza.diecezja.lublin.pl <br>ul. Prym. Stefana Wyszy\u0144skiego 2<br>20 - 105 Lublin<br>\n                  <br><span style=\"font-weight: 700;\">Dyrektor:<\/span>\n                  <br>\n                  <br>ks. dr hab. Piotr Goliszek<br>tel. wewn. 327<br>\n                  <br><span style=\"font-weight: 700;\">Wizytatorzy:<\/span>\n                  <br>\n                  <br>ks. dr Pawe\u0142 Hodorek<br>ks. mgr lic. Zdzis\u0142aw Kuczko<br>\n                  <br><span style=\"font-weight: 700;\">Sekretariat:<\/span>\n                  <br>\n                  <br>ks. mgr Mariusz Szymaniak<br>\n                  <br>s. mgr Eligiusza St\u0119pie\u0144 CSCIJ<br>tel. wewn. 309<br>\n                  <br><span style=\"font-weight: 700;\">Godziny urz\u0119dowania:<\/span>\n                  <br>Pon. - Pt.&nbsp; 9.00 - 14.00\n                <\/p>\n              <\/div>\n            <\/div>\n            <div class=\"u-container-style u-list-item u-repeater-item\">\n              <div class=\"u-container-layout u-similar-container u-valign-bottom-lg u-valign-bottom-md u-valign-bottom-sm u-valign-bottom-xs u-container-layout-2\">\n                <h1 class=\"u-text u-text-3\">Centrum Katechetyczne <\/h1>\n                <p class=\"u-text u-text-4\">Centrum Katechetyczne mie\u015bci si\u0119 na dolnym placu Kurii Metropolitalnej<br>w Lublinie<br>\n                  <br>ul. Prym. Stefana Wyszy\u0144skiego 2<br>20 - 105 Lublin<br>\n                  <br><span style=\"font-weight: 700;\">Doradca metodyczny:<\/span>\n                  <br>\n                  <br>ks. dr Pawe\u0142 Hodorek&nbsp;<br>tel. 513 747 962<br>e-mail: phodorek@lscdn.pl<br>\n                  <br><span style=\"font-weight: 700;\">Eksperci ds. awansu zawodowego nauczycieli:<\/span>\n                  <br>\n                  <br>ks. mgr lic. Zdzis\u0142aw Kuczko<br>s. dr Zofia Mol\u0119da<br>\n                  <br>\n                <\/p>\n              <\/div>\n            <\/div>\n          <\/div>\n        <\/div>\n      <\/div>\n    <\/section>\n    \n    \n    \n    \n  \n<\/div>","protected":false},"excerpt":{"rendered":"<p>Katecheza Archidiecezji Lubelskiej Wydzia\u0142 Katechetyczny tel. 81 532 25 46 w. 309e-mail: nauka@diecezja.lublin.plwww.katecheza.diecezja.lublin.pl ul. Prym. Stefana Wyszy\u0144skiego 220 &#8211; 105 Lublin Dyrektor: ks. dr hab. Piotr Goliszektel. wewn. 327 Wizytatorzy: ks. dr Pawe\u0142 Hodorekks. mgr lic. Zdzis\u0142aw Kuczko Sekretariat: ks. mgr Mariusz Szymaniak s. mgr Eligiusza St\u0119pie\u0144 CSCIJtel. wewn. 309 Godziny urz\u0119dowania: Pon. &#8211; Pt.&nbsp; &hellip; <a href=\"https:\/\/katecheza.diecezja.lublin.pl\/index.php\/kontakt-dane-wydzialu\/\" class=\"more-link\">Continue reading<span class=\"screen-reader-text\"> &#8222;Kontakt dane wydzia\u0142u&#8221;<\/span><\/a><\/p>\n","protected":false},"author":1,"featured_media":0,"parent":0,"menu_order":0,"comment_status":"closed","ping_status":"closed","template":"","meta":{"footnotes":""},"class_list":["post-2301","page","type-page","status-publish","hentry"],"_links":{"self":[{"href":"https:\/\/katecheza.diecezja.lublin.pl\/index.php\/wp-json\/wp\/v2\/pages\/2301","targetHints":{"allow":["GET"]}}],"collection":[{"href":"https:\/\/katecheza.diecezja.lublin.pl\/index.php\/wp-json\/wp\/v2\/pages"}],"about":[{"href":"https:\/\/katecheza.diecezja.lublin.pl\/index.php\/wp-json\/wp\/v2\/types\/page"}],"author":[{"embeddable":true,"href":"https:\/\/katecheza.diecezja.lublin.pl\/index.php\/wp-json\/wp\/v2\/users\/1"}],"replies":[{"embeddable":true,"href":"https:\/\/katecheza.diecezja.lublin.pl\/index.php\/wp-json\/wp\/v2\/comments?post=2301"}],"version-history":[{"count":18,"href":"https:\/\/katecheza.diecezja.lublin.pl\/index.php\/wp-json\/wp\/v2\/pages\/2301\/revisions"}],"predecessor-version":[{"id":3912,"href":"https:\/\/katecheza.diecezja.lublin.pl\/index.php\/wp-json\/wp\/v2\/pages\/2301\/revisions\/3912"}],"wp:attachment":[{"href":"https:\/\/katecheza.diecezja.lublin.pl\/index.php\/wp-json\/wp\/v2\/media?parent=2301"}],"curies":[{"name":"wp","href":"https:\/\/api.w.org\/{rel}","templated":true}]}}