{"id":2199,"date":"2025-06-04T13:13:41","date_gmt":"2025-06-04T11:13:41","guid":{"rendered":"https:\/\/katecheza.diecezja.lublin.pl\/?page_id=2199"},"modified":"2026-02-13T12:57:59","modified_gmt":"2026-02-13T11:57:59","slug":"formacja-intelekt-rekolekcje","status":"publish","type":"page","link":"https:\/\/katecheza.diecezja.lublin.pl\/index.php\/formacja-intelekt-rekolekcje\/","title":{"rendered":"Formacja intelekt &#8211; rekolekcje"},"content":{"rendered":"<div class=\"woocommerce\">\n    \n    <section class=\"u-clearfix u-valign-top-lg u-valign-top-md u-valign-top-sm u-valign-top-xs u-white u-section-2\" id=\"block-3\">\n      <img decoding=\"async\" class=\"custom-expanded u-image u-image-1\" src=\"https:\/\/katecheza.diecezja.lublin.pl\/wp-content\/uploads\/2025\/05\/image_with_white_gradient_border_2.png\" data-image-width=\"2000\" data-image-height=\"672\">\n      <p class=\"u-custom-font u-font-merriweather u-text u-text-custom-color-7 u-text-default u-text-1\">Katecheza Archidiecezji Lubelskiej<\/p>\n    <\/section>\n    <section class=\"u-align-left u-clearfix u-grey-10 u-section-3\" id=\"block-6\">\n      <div class=\"u-clearfix u-sheet u-valign-middle-lg u-valign-middle-md u-valign-middle-sm u-valign-middle-xs u-sheet-1\">\n        <p class=\"u-text u-text-default u-text-1\">Zapraszamy katechet\u00f3w \u015bwieckich katechizuj\u0105cych na terenie Archidiecezji Lubelskiej w bie\u017c\u0105cym roku szkolnym na rekolekcje katechetyczne lub dni skupienia do Domu Spotkania Caritas w D\u0105browicy.<br>Katecheci ucz\u0105cy w szkole w wymiarze godzin ponad p\u00f3\u0142 etatu (czyli 9 i wi\u0119cej) obowi\u0105zani s\u0105 do uczestnictwa w jednym wybranym przez siebie turnusie rekolekcji:<br>I zimowym \u2013 od 13 do 16 lutego 2026 r.<br>II zimowym \u2013 od 19 do 22 lutego 2026 r.<br>letnim \u2013 od 26 do 29 czerwca 2026 r.<br>&nbsp; &nbsp; &nbsp; &nbsp; Numer i tytu\u0142: 1100715 \"S\u0142uchacz S\u0142owa - g\u0142osiciel S\u0142owa\"\n        <\/p>\n        <a href=\"https:\/\/www.lscdn.pl\/pl\/trainings\/808k9747,Sluchacz-Slowa-glosiciel-Slowa.html\" class=\"u-btn u-btn-round u-button-style u-hover-palette-1-light-1 u-palette-1-base u-radius u-btn-1\">Zapisy\u200b na rekolekcje<\/a>\n        <p class=\"u-text u-text-default u-text-2\"> Katecheci ucz\u0105cy w szkole w wymiarze godzin p\u00f3\u0142 etatu i mniejszym oraz pracuj\u0105cy w przedszkolach obowi\u0105zani s\u0105 do uczestniczenia w jednym wybranym przez siebie turnusie skupienia:<br>zimowym \u2013 od 17 do 18 lutego 2026 r.<br>letnim \u2013 od 30 czerwca do 1 lipca 2026 r.&nbsp;<br>&nbsp; &nbsp; &nbsp; &nbsp; Numer i tytu\u0142: 1100716 \"S\u0142owo Bo\u017ce w katechezie\"<br>\n        <\/p>\n        <a href=\"https:\/\/www.lscdn.pl\/pl\/trainings\/808k9748,Slowo-Boze-w-katechezie.html\" class=\"u-btn u-btn-round u-button-style u-hover-palette-1-light-1 u-palette-1-base u-radius u-btn-2\">Zapisy na dzie\u0144 skupienia <\/a>\n        <p class=\"u-align-center u-text u-text-default u-text-3\">Obecno\u015b\u0107 obowi\u0105zkowa!&nbsp;<\/p>\n      <\/div>\n    <\/section>\n    \n    \n    \n    \n  \n<\/div>","protected":false},"excerpt":{"rendered":"<p>Katecheza Archidiecezji Lubelskiej Zapraszamy katechet\u00f3w \u015bwieckich katechizuj\u0105cych na terenie Archidiecezji Lubelskiej w bie\u017c\u0105cym roku szkolnym na rekolekcje katechetyczne lub dni skupienia do Domu Spotkania Caritas w D\u0105browicy.Katecheci ucz\u0105cy w szkole w wymiarze godzin ponad p\u00f3\u0142 etatu (czyli 9 i wi\u0119cej) obowi\u0105zani s\u0105 do uczestnictwa w jednym wybranym przez siebie turnusie rekolekcji:I zimowym \u2013 od 13 &hellip; <a href=\"https:\/\/katecheza.diecezja.lublin.pl\/index.php\/formacja-intelekt-rekolekcje\/\" class=\"more-link\">Continue reading<span class=\"screen-reader-text\"> &#8222;Formacja intelekt &#8211; rekolekcje&#8221;<\/span><\/a><\/p>\n","protected":false},"author":1,"featured_media":0,"parent":0,"menu_order":0,"comment_status":"closed","ping_status":"closed","template":"","meta":{"footnotes":""},"class_list":["post-2199","page","type-page","status-publish","hentry"],"_links":{"self":[{"href":"https:\/\/katecheza.diecezja.lublin.pl\/index.php\/wp-json\/wp\/v2\/pages\/2199","targetHints":{"allow":["GET"]}}],"collection":[{"href":"https:\/\/katecheza.diecezja.lublin.pl\/index.php\/wp-json\/wp\/v2\/pages"}],"about":[{"href":"https:\/\/katecheza.diecezja.lublin.pl\/index.php\/wp-json\/wp\/v2\/types\/page"}],"author":[{"embeddable":true,"href":"https:\/\/katecheza.diecezja.lublin.pl\/index.php\/wp-json\/wp\/v2\/users\/1"}],"replies":[{"embeddable":true,"href":"https:\/\/katecheza.diecezja.lublin.pl\/index.php\/wp-json\/wp\/v2\/comments?post=2199"}],"version-history":[{"count":9,"href":"https:\/\/katecheza.diecezja.lublin.pl\/index.php\/wp-json\/wp\/v2\/pages\/2199\/revisions"}],"predecessor-version":[{"id":3865,"href":"https:\/\/katecheza.diecezja.lublin.pl\/index.php\/wp-json\/wp\/v2\/pages\/2199\/revisions\/3865"}],"wp:attachment":[{"href":"https:\/\/katecheza.diecezja.lublin.pl\/index.php\/wp-json\/wp\/v2\/media?parent=2199"}],"curies":[{"name":"wp","href":"https:\/\/api.w.org\/{rel}","templated":true}]}}