{"id":2160,"date":"2025-06-04T13:11:51","date_gmt":"2025-06-04T11:11:51","guid":{"rendered":"https:\/\/katecheza.diecezja.lublin.pl\/?page_id=2160"},"modified":"2025-09-17T09:33:23","modified_gmt":"2025-09-17T07:33:23","slug":"deklaracje-katecheza","status":"publish","type":"page","link":"https:\/\/katecheza.diecezja.lublin.pl\/index.php\/deklaracje-katecheza\/","title":{"rendered":"Deklaracje katecheza"},"content":{"rendered":"<div class=\"woocommerce\">\n    \n    <section class=\"u-clearfix u-valign-top-lg u-valign-top-md u-valign-top-sm u-valign-top-xs u-white u-section-2\" id=\"block-3\">\n      <img decoding=\"async\" class=\"custom-expanded u-image u-image-1\" src=\"https:\/\/katecheza.diecezja.lublin.pl\/wp-content\/uploads\/2025\/05\/image_with_white_gradient_border_2.png\" data-image-width=\"2000\" data-image-height=\"672\">\n      <p class=\"u-custom-font u-font-merriweather u-text u-text-custom-color-7 u-text-default u-text-1\">Katecheza Archidiecezji Lubelskiej<\/p>\n    <\/section>\n    <section class=\"u-align-left u-clearfix u-container-align-left u-grey-10 u-section-3\" id=\"block-6\">\n      <div class=\"u-clearfix u-sheet u-valign-middle-lg u-valign-middle-md u-valign-middle-sm u-valign-middle-xs u-sheet-1\">\n        <p class=\"u-text u-text-default u-text-1\"><b>O\u015aWIADCZENIE RODZIC\u00d3W <\/b><b>W SPRAWIE UCZ\u0118SZCZANIA ICH DZIECKA<\/b><b>NA LEKCJE\nRELIGII RZYMSKOKATOLICKIEJ<\/b>.<br>\n          <a href=\"https:\/\/katecheza.diecezja.lublin.pl\/wp-content\/uploads\/2025\/09\/oswiadczenie_rodzicow.pdf\" class=\"u-active-none u-border-none u-btn u-button-link u-button-style u-file-link u-hover-none u-none u-text-palette-1-base u-btn-1\">Pobierz<\/a>\n        <\/p>\n        <p class=\"u-text u-text-default u-text-2\"><b>O\u015aWIADCZENIE UCZNIA PE\u0141NOLETNIEGO<\/b><b>W SPRAWIE UCZ\u0118SZCZANIA&nbsp; <\/b><b>NA LEKCJE\nRELIGII RZYMSKOKATOLICKIEJ<\/b>.<br>\n          <a href=\"https:\/\/katecheza.diecezja.lublin.pl\/wp-content\/uploads\/2025\/09\/oswiadczenie_ucznia_pelnoletniego.pdf\" class=\"u-active-none u-border-none u-btn u-button-link u-button-style u-file-link u-hover-none u-none u-text-palette-1-base u-btn-2\">Pobierz<\/a>\n        <\/p>\n      <\/div>\n    <\/section>\n    \n    \n    \n    \n  \n<\/div>","protected":false},"excerpt":{"rendered":"<p>Katecheza Archidiecezji Lubelskiej O\u015aWIADCZENIE RODZIC\u00d3W W SPRAWIE UCZ\u0118SZCZANIA ICH DZIECKANA LEKCJE RELIGII RZYMSKOKATOLICKIEJ. Pobierz O\u015aWIADCZENIE UCZNIA PE\u0141NOLETNIEGOW SPRAWIE UCZ\u0118SZCZANIA&nbsp; NA LEKCJE RELIGII RZYMSKOKATOLICKIEJ. Pobierz<\/p>\n","protected":false},"author":1,"featured_media":0,"parent":0,"menu_order":0,"comment_status":"closed","ping_status":"closed","template":"","meta":{"footnotes":""},"class_list":["post-2160","page","type-page","status-publish","hentry"],"_links":{"self":[{"href":"https:\/\/katecheza.diecezja.lublin.pl\/index.php\/wp-json\/wp\/v2\/pages\/2160","targetHints":{"allow":["GET"]}}],"collection":[{"href":"https:\/\/katecheza.diecezja.lublin.pl\/index.php\/wp-json\/wp\/v2\/pages"}],"about":[{"href":"https:\/\/katecheza.diecezja.lublin.pl\/index.php\/wp-json\/wp\/v2\/types\/page"}],"author":[{"embeddable":true,"href":"https:\/\/katecheza.diecezja.lublin.pl\/index.php\/wp-json\/wp\/v2\/users\/1"}],"replies":[{"embeddable":true,"href":"https:\/\/katecheza.diecezja.lublin.pl\/index.php\/wp-json\/wp\/v2\/comments?post=2160"}],"version-history":[{"count":4,"href":"https:\/\/katecheza.diecezja.lublin.pl\/index.php\/wp-json\/wp\/v2\/pages\/2160\/revisions"}],"predecessor-version":[{"id":3650,"href":"https:\/\/katecheza.diecezja.lublin.pl\/index.php\/wp-json\/wp\/v2\/pages\/2160\/revisions\/3650"}],"wp:attachment":[{"href":"https:\/\/katecheza.diecezja.lublin.pl\/index.php\/wp-json\/wp\/v2\/media?parent=2160"}],"curies":[{"name":"wp","href":"https:\/\/api.w.org\/{rel}","templated":true}]}}