{"id":2015,"date":"2025-06-04T13:11:56","date_gmt":"2025-06-04T11:11:56","guid":{"rendered":"https:\/\/katecheza.diecezja.lublin.pl\/?page_id=2015"},"modified":"2025-09-30T13:50:59","modified_gmt":"2025-09-30T11:50:59","slug":"dokumenty-kosciola","status":"publish","type":"page","link":"https:\/\/katecheza.diecezja.lublin.pl\/index.php\/dokumenty-kosciola\/","title":{"rendered":"Dokumenty Ko\u015bcio\u0142a"},"content":{"rendered":"<div class=\"woocommerce\">\n    \n    <section class=\"u-clearfix u-valign-top-lg u-valign-top-md u-valign-top-sm u-valign-top-xs u-white u-section-2\" id=\"block-3\">\n      <img decoding=\"async\" class=\"custom-expanded u-image u-image-1\" src=\"https:\/\/katecheza.diecezja.lublin.pl\/wp-content\/uploads\/2025\/05\/image_with_white_gradient_border_2.png\" data-image-width=\"2000\" data-image-height=\"672\">\n      <p class=\"u-custom-font u-font-merriweather u-text u-text-custom-color-7 u-text-default u-text-1\">Katecheza Archidiecezji Lubelskiej<\/p>\n    <\/section>\n    <section class=\"u-align-left u-clearfix u-container-align-left u-grey-10 u-section-3\" id=\"block-6\">\n      <div class=\"u-clearfix u-sheet u-valign-middle-lg u-valign-middle-md u-valign-middle-sm u-valign-middle-xs u-sheet-1\">\n        <h5 class=\"u-text u-text-default u-text-1\"><b>Zasady oceniania\nosi\u0105gni\u0119\u0107 edukacyjnych z religii rzymskokatolickiej w&nbsp;szko\u0142ach<\/b>\n        <\/h5>\n        <p class=\"u-text u-text-default u-text-2\">Pe\u0142ny tekst mo\u017cna zobaczy\u0107 <a href=\"https:\/\/katecheza.diecezja.lublin.pl\/wp-content\/uploads\/2025\/09\/Zasadyocenianiaosigniedukacyjnychzreligiirzymskokatolickiejwszkoach.pdf\" class=\"u-active-none u-border-none u-btn u-button-link u-button-style u-file-link u-hover-none u-none u-text-palette-1-base u-btn-1\">tutaj<\/a>\n        <\/p>\n      <\/div>\n    <\/section>\n    \n    \n    \n    \n  \n<\/div>","protected":false},"excerpt":{"rendered":"<p>Katecheza Archidiecezji Lubelskiej Zasady oceniania osi\u0105gni\u0119\u0107 edukacyjnych z religii rzymskokatolickiej w&nbsp;szko\u0142ach Pe\u0142ny tekst mo\u017cna zobaczy\u0107 tutaj<\/p>\n","protected":false},"author":1,"featured_media":0,"parent":0,"menu_order":0,"comment_status":"closed","ping_status":"closed","template":"","meta":{"footnotes":""},"class_list":["post-2015","page","type-page","status-publish","hentry"],"_links":{"self":[{"href":"https:\/\/katecheza.diecezja.lublin.pl\/index.php\/wp-json\/wp\/v2\/pages\/2015","targetHints":{"allow":["GET"]}}],"collection":[{"href":"https:\/\/katecheza.diecezja.lublin.pl\/index.php\/wp-json\/wp\/v2\/pages"}],"about":[{"href":"https:\/\/katecheza.diecezja.lublin.pl\/index.php\/wp-json\/wp\/v2\/types\/page"}],"author":[{"embeddable":true,"href":"https:\/\/katecheza.diecezja.lublin.pl\/index.php\/wp-json\/wp\/v2\/users\/1"}],"replies":[{"embeddable":true,"href":"https:\/\/katecheza.diecezja.lublin.pl\/index.php\/wp-json\/wp\/v2\/comments?post=2015"}],"version-history":[{"count":3,"href":"https:\/\/katecheza.diecezja.lublin.pl\/index.php\/wp-json\/wp\/v2\/pages\/2015\/revisions"}],"predecessor-version":[{"id":3712,"href":"https:\/\/katecheza.diecezja.lublin.pl\/index.php\/wp-json\/wp\/v2\/pages\/2015\/revisions\/3712"}],"wp:attachment":[{"href":"https:\/\/katecheza.diecezja.lublin.pl\/index.php\/wp-json\/wp\/v2\/media?parent=2015"}],"curies":[{"name":"wp","href":"https:\/\/api.w.org\/{rel}","templated":true}]}}